{"id":93,"date":"2025-10-20T22:49:38","date_gmt":"2025-10-20T22:49:38","guid":{"rendered":"https:\/\/mexicanfoodtacoma.com\/?page_id=93"},"modified":"2025-10-20T22:49:38","modified_gmt":"2025-10-20T22:49:38","slug":"about-us","status":"publish","type":"page","link":"https:\/\/mexicanfoodtacoma.com\/es\/about-us\/","title":{"rendered":"Sobre nosotros"},"content":{"rendered":"","protected":false},"excerpt":{"rendered":"","protected":false},"author":1,"featured_media":0,"parent":0,"menu_order":0,"comment_status":"closed","ping_status":"closed","template":"","meta":{"_uag_custom_page_level_css":"","footnotes":""},"class_list":["post-93","page","type-page","status-publish","hentry"],"yoast_head":"<!-- This site is optimized with the Yoast SEO plugin v26.4 - https:\/\/yoast.com\/wordpress\/plugins\/seo\/ -->\n<title>About us - Taqueria el Rinconsito<\/title>\n<meta name=\"robots\" content=\"index, follow, max-snippet:-1, max-image-preview:large, max-video-preview:-1\" \/>\n<link rel=\"canonical\" href=\"https:\/\/mexicanfoodtacoma.com\/es\/about-us\/\" \/>\n<meta property=\"og:locale\" content=\"es_MX\" \/>\n<meta property=\"og:type\" content=\"article\" \/>\n<meta property=\"og:title\" content=\"About us - Taqueria el Rinconsito\" \/>\n<meta property=\"og:url\" content=\"https:\/\/mexicanfoodtacoma.com\/es\/about-us\/\" \/>\n<meta property=\"og:site_name\" content=\"Taqueria el Rinconsito\" \/>\n<meta name=\"twitter:card\" content=\"summary_large_image\" \/>\n<script type=\"application\/ld+json\" class=\"yoast-schema-graph\">{\"@context\":\"https:\/\/schema.org\",\"@graph\":[{\"@type\":\"WebPage\",\"@id\":\"https:\/\/mexicanfoodtacoma.com\/about-us\/\",\"url\":\"https:\/\/mexicanfoodtacoma.com\/about-us\/\",\"name\":\"About us - Taqueria el Rinconsito\",\"isPartOf\":{\"@id\":\"https:\/\/mexicanfoodtacoma.com\/#website\"},\"datePublished\":\"2025-10-20T22:49:38+00:00\",\"breadcrumb\":{\"@id\":\"https:\/\/mexicanfoodtacoma.com\/about-us\/#breadcrumb\"},\"inLanguage\":\"es-MX\",\"potentialAction\":[{\"@type\":\"ReadAction\",\"target\":[\"https:\/\/mexicanfoodtacoma.com\/about-us\/\"]}]},{\"@type\":\"BreadcrumbList\",\"@id\":\"https:\/\/mexicanfoodtacoma.com\/about-us\/#breadcrumb\",\"itemListElement\":[{\"@type\":\"ListItem\",\"position\":1,\"name\":\"Portada\",\"item\":\"https:\/\/mexicanfoodtacoma.com\/\"},{\"@type\":\"ListItem\",\"position\":2,\"name\":\"About us\"}]},{\"@type\":\"WebSite\",\"@id\":\"https:\/\/mexicanfoodtacoma.com\/#website\",\"url\":\"https:\/\/mexicanfoodtacoma.com\/\",\"name\":\"Taqueria el Rinconsito\",\"description\":\"Tasty &amp; Fast Authentic Mexican food, all day long in Washington!\",\"potentialAction\":[{\"@type\":\"SearchAction\",\"target\":{\"@type\":\"EntryPoint\",\"urlTemplate\":\"https:\/\/mexicanfoodtacoma.com\/?s={search_term_string}\"},\"query-input\":{\"@type\":\"PropertyValueSpecification\",\"valueRequired\":true,\"valueName\":\"search_term_string\"}}],\"inLanguage\":\"es-MX\"}]}<\/script>\n<!-- \/ Yoast SEO plugin. -->","yoast_head_json":{"title":"About us - Taqueria el Rinconsito","robots":{"index":"index","follow":"follow","max-snippet":"max-snippet:-1","max-image-preview":"max-image-preview:large","max-video-preview":"max-video-preview:-1"},"canonical":"https:\/\/mexicanfoodtacoma.com\/es\/about-us\/","og_locale":"es_MX","og_type":"article","og_title":"About us - Taqueria el Rinconsito","og_url":"https:\/\/mexicanfoodtacoma.com\/es\/about-us\/","og_site_name":"Taqueria el Rinconsito","twitter_card":"summary_large_image","schema":{"@context":"https:\/\/schema.org","@graph":[{"@type":"WebPage","@id":"https:\/\/mexicanfoodtacoma.com\/about-us\/","url":"https:\/\/mexicanfoodtacoma.com\/about-us\/","name":"About us - Taqueria el Rinconsito","isPartOf":{"@id":"https:\/\/mexicanfoodtacoma.com\/#website"},"datePublished":"2025-10-20T22:49:38+00:00","breadcrumb":{"@id":"https:\/\/mexicanfoodtacoma.com\/about-us\/#breadcrumb"},"inLanguage":"es-MX","potentialAction":[{"@type":"ReadAction","target":["https:\/\/mexicanfoodtacoma.com\/about-us\/"]}]},{"@type":"BreadcrumbList","@id":"https:\/\/mexicanfoodtacoma.com\/about-us\/#breadcrumb","itemListElement":[{"@type":"ListItem","position":1,"name":"Portada","item":"https:\/\/mexicanfoodtacoma.com\/"},{"@type":"ListItem","position":2,"name":"About us"}]},{"@type":"WebSite","@id":"https:\/\/mexicanfoodtacoma.com\/#website","url":"https:\/\/mexicanfoodtacoma.com\/","name":"Taquer\u00eda El Rinconsito","description":"\u00a1Comida mexicana aut\u00e9ntica, sabrosa y r\u00e1pida, todo el d\u00eda en Washington!","potentialAction":[{"@type":"SearchAction","target":{"@type":"EntryPoint","urlTemplate":"https:\/\/mexicanfoodtacoma.com\/?s={search_term_string}"},"query-input":{"@type":"PropertyValueSpecification","valueRequired":true,"valueName":"search_term_string"}}],"inLanguage":"es-MX"}]}},"spectra_custom_meta":{"_edit_lock":["1761000597:1"],"_uag_page_assets":["a:9:{s:3:\"css\";s:263:\".uag-blocks-common-selector{z-index:var(--z-index-desktop) !important}@media (max-width: 976px){.uag-blocks-common-selector{z-index:var(--z-index-tablet) !important}}@media (max-width: 767px){.uag-blocks-common-selector{z-index:var(--z-index-mobile) !important}}\n\";s:2:\"js\";s:0:\"\";s:18:\"current_block_list\";a:7:{i:0;s:11:\"core\/search\";i:1;s:10:\"core\/group\";i:2;s:12:\"core\/heading\";i:3;s:17:\"core\/latest-posts\";i:4;s:20:\"core\/latest-comments\";i:5;s:13:\"core\/archives\";i:6;s:15:\"core\/categories\";}s:8:\"uag_flag\";b:0;s:11:\"uag_version\";s:10:\"1776348342\";s:6:\"gfonts\";a:2:{s:16:\"Barlow Condensed\";a:2:{s:10:\"fontfamily\";s:16:\"Barlow Condensed\";s:12:\"fontvariants\";a:0:{}}s:7:\"Default\";a:2:{s:10:\"fontfamily\";s:7:\"Default\";s:12:\"fontvariants\";a:0:{}}}s:10:\"gfonts_url\";s:88:\"\/\/fonts.googleapis.com\/css?family=Barlow+Condensed|Default&subset=latin&display=fallback\";s:12:\"gfonts_files\";a:0:{}s:14:\"uag_faq_layout\";b:0;}"],"_elementor_page_assets":["a:0:{}"],"_uag_css_file_name":["uag-css-93.css"]},"uagb_featured_image_src":{"full":false,"thumbnail":false,"medium":false,"medium_large":false,"large":false,"1536x1536":false,"2048x2048":false,"trp-custom-language-flag":false},"uagb_author_info":{"display_name":"Rinconsito","author_link":"https:\/\/mexicanfoodtacoma.com\/es\/author\/rinconsito\/"},"uagb_comment_info":0,"uagb_excerpt":null,"_links":{"self":[{"href":"https:\/\/mexicanfoodtacoma.com\/es\/wp-json\/wp\/v2\/pages\/93","targetHints":{"allow":["GET"]}}],"collection":[{"href":"https:\/\/mexicanfoodtacoma.com\/es\/wp-json\/wp\/v2\/pages"}],"about":[{"href":"https:\/\/mexicanfoodtacoma.com\/es\/wp-json\/wp\/v2\/types\/page"}],"author":[{"embeddable":true,"href":"https:\/\/mexicanfoodtacoma.com\/es\/wp-json\/wp\/v2\/users\/1"}],"replies":[{"embeddable":true,"href":"https:\/\/mexicanfoodtacoma.com\/es\/wp-json\/wp\/v2\/comments?post=93"}],"version-history":[{"count":1,"href":"https:\/\/mexicanfoodtacoma.com\/es\/wp-json\/wp\/v2\/pages\/93\/revisions"}],"predecessor-version":[{"id":97,"href":"https:\/\/mexicanfoodtacoma.com\/es\/wp-json\/wp\/v2\/pages\/93\/revisions\/97"}],"wp:attachment":[{"href":"https:\/\/mexicanfoodtacoma.com\/es\/wp-json\/wp\/v2\/media?parent=93"}],"curies":[{"name":"wp","href":"https:\/\/api.w.org\/{rel}","templated":true}]}}